{"id":818,"date":"2022-11-01T09:28:25","date_gmt":"2022-11-01T09:28:25","guid":{"rendered":"https:\/\/gestoriasala.es\/?page_id=818"},"modified":"2022-11-01T16:42:39","modified_gmt":"2022-11-01T16:42:39","slug":"servicios-para-empresas","status":"publish","type":"page","link":"https:\/\/gestoriasala.es\/en\/servicios-para-empresas\/","title":{"rendered":"For enterprises"},"content":{"rendered":"<div data-elementor-type=\"wp-page\" data-elementor-id=\"818\" class=\"elementor elementor-818\">\n\t\t\t\t\t\t<section class=\"elementor-section elementor-top-section elementor-element elementor-element-3bf4d64 elementor-section-boxed elementor-section-height-default elementor-section-height-default\" data-id=\"3bf4d64\" data-element_type=\"section\">\n\t\t\t\t\t\t<div class=\"elementor-container elementor-column-gap-default\">\n\t\t\t\t\t<div class=\"elementor-column elementor-col-100 elementor-top-column elementor-element elementor-element-6397d2a\" data-id=\"6397d2a\" data-element_type=\"column\">\n\t\t\t<div class=\"elementor-widget-wrap elementor-element-populated\">\n\t\t\t\t\t\t<div class=\"elementor-element elementor-element-632556a elementor-widget elementor-widget-heading\" data-id=\"632556a\" data-element_type=\"widget\" data-widget_type=\"heading.default\">\n\t\t\t\t<div class=\"elementor-widget-container\">\n\t\t\t<style>\/*! elementor - v3.21.0 - 26-05-2024 *\/\n.elementor-heading-title{padding:0;margin:0;line-height:1}.elementor-widget-heading .elementor-heading-title[class*=elementor-size-]>a{color:inherit;font-size:inherit;line-height:inherit}.elementor-widget-heading .elementor-heading-title.elementor-size-small{font-size:15px}.elementor-widget-heading .elementor-heading-title.elementor-size-medium{font-size:19px}.elementor-widget-heading .elementor-heading-title.elementor-size-large{font-size:29px}.elementor-widget-heading .elementor-heading-title.elementor-size-xl{font-size:39px}.elementor-widget-heading .elementor-heading-title.elementor-size-xxl{font-size:59px}<\/style><h1 class=\"elementor-heading-title elementor-size-default\">SERVICES FOR ENTERPRISES<\/h1>\t\t<\/div>\n\t\t\t\t<\/div>\n\t\t\t\t\t<\/div>\n\t\t<\/div>\n\t\t\t\t\t<\/div>\n\t\t<\/section>\n\t\t\t\t<section class=\"elementor-section elementor-top-section elementor-element elementor-element-f3b5fdc elementor-section-boxed elementor-section-height-default elementor-section-height-default\" data-id=\"f3b5fdc\" data-element_type=\"section\">\n\t\t\t\t\t\t<div class=\"elementor-container elementor-column-gap-default\">\n\t\t\t\t\t<div class=\"elementor-column elementor-col-100 elementor-top-column elementor-element elementor-element-63e8e2e\" data-id=\"63e8e2e\" data-element_type=\"column\">\n\t\t\t<div class=\"elementor-widget-wrap elementor-element-populated\">\n\t\t\t\t\t\t<div class=\"elementor-element elementor-element-2d62cdb elementor-widget elementor-widget-heading\" data-id=\"2d62cdb\" data-element_type=\"widget\" data-widget_type=\"heading.default\">\n\t\t\t\t<div class=\"elementor-widget-container\">\n\t\t\t<h2 class=\"elementor-heading-title elementor-size-default\">How much does it cost to set up a company in Spain?<\/h2>\t\t<\/div>\n\t\t\t\t<\/div>\n\t\t\t\t\t<\/div>\n\t\t<\/div>\n\t\t\t\t\t<\/div>\n\t\t<\/section>\n\t\t\t\t<section class=\"elementor-section elementor-top-section elementor-element elementor-element-ad5abe6 elementor-section-boxed elementor-section-height-default elementor-section-height-default\" data-id=\"ad5abe6\" data-element_type=\"section\">\n\t\t\t\t\t\t<div class=\"elementor-container elementor-column-gap-default\">\n\t\t\t\t\t<div class=\"elementor-column elementor-col-100 elementor-top-column elementor-element elementor-element-6f004e0\" data-id=\"6f004e0\" data-element_type=\"column\">\n\t\t\t<div class=\"elementor-widget-wrap elementor-element-populated\">\n\t\t\t\t\t\t<div class=\"elementor-element elementor-element-7985788 elementor-widget elementor-widget-text-editor\" data-id=\"7985788\" data-element_type=\"widget\" data-widget_type=\"text-editor.default\">\n\t\t\t\t<div class=\"elementor-widget-container\">\n\t\t\t<style>\/*! elementor - v3.21.0 - 26-05-2024 *\/\n.elementor-widget-text-editor.elementor-drop-cap-view-stacked .elementor-drop-cap{background-color:#69727d;color:#fff}.elementor-widget-text-editor.elementor-drop-cap-view-framed .elementor-drop-cap{color:#69727d;border:3px solid;background-color:transparent}.elementor-widget-text-editor:not(.elementor-drop-cap-view-default) .elementor-drop-cap{margin-top:8px}.elementor-widget-text-editor:not(.elementor-drop-cap-view-default) .elementor-drop-cap-letter{width:1em;height:1em}.elementor-widget-text-editor .elementor-drop-cap{float:left;text-align:center;line-height:1;font-size:50px}.elementor-widget-text-editor .elementor-drop-cap-letter{display:inline-block}<\/style>\t\t\t\t<p>More than it should cost in a country that aspires to prosper.<\/p><p>But well, with a few savings you can set up a company in less than two months, depending on how fast the notary is in a hurry to sign the deed of incorporation of the SL.<\/p><p>Incorporation has advantages and disadvantages, and it is in your best interest to incorporate if you meet certain requirements.<\/p><p>To answer your question and so that the title of this page does not seem to you as a mere bait, <strong><span style=\"color: #f26a4b;\">To incorporate an SL, \u20ac3,000 is required. To incorporate an S.A., 60,000\u20ac.<\/span><\/strong><\/p><p>If you want to set up one of these two, or you are not sure, or you want to set up a business, click on the green button below.<\/p>\t\t\t\t\t\t<\/div>\n\t\t\t\t<\/div>\n\t\t\t\t\t<\/div>\n\t\t<\/div>\n\t\t\t\t\t<\/div>\n\t\t<\/section>\n\t\t\t\t<section class=\"elementor-section elementor-top-section elementor-element elementor-element-9dfe564 elementor-section-boxed elementor-section-height-default elementor-section-height-default\" data-id=\"9dfe564\" data-element_type=\"section\">\n\t\t\t\t\t\t<div class=\"elementor-container elementor-column-gap-default\">\n\t\t\t\t\t<div class=\"elementor-column elementor-col-100 elementor-top-column elementor-element elementor-element-c671a50\" data-id=\"c671a50\" data-element_type=\"column\">\n\t\t\t<div class=\"elementor-widget-wrap elementor-element-populated\">\n\t\t\t\t\t\t<div class=\"elementor-element elementor-element-faeeb07 elementor-widget elementor-widget-heading\" data-id=\"faeeb07\" data-element_type=\"widget\" data-widget_type=\"heading.default\">\n\t\t\t\t<div class=\"elementor-widget-container\">\n\t\t\t<h2 class=\"elementor-heading-title elementor-size-default\">Payroll and registration of employees with the Social Security system<\/h2>\t\t<\/div>\n\t\t\t\t<\/div>\n\t\t\t\t\t<\/div>\n\t\t<\/div>\n\t\t\t\t\t<\/div>\n\t\t<\/section>\n\t\t\t\t<section class=\"elementor-section elementor-top-section elementor-element elementor-element-4f18e18 elementor-section-boxed elementor-section-height-default elementor-section-height-default\" data-id=\"4f18e18\" data-element_type=\"section\">\n\t\t\t\t\t\t<div class=\"elementor-container elementor-column-gap-default\">\n\t\t\t\t\t<div class=\"elementor-column elementor-col-100 elementor-top-column elementor-element elementor-element-fc936bb\" data-id=\"fc936bb\" data-element_type=\"column\">\n\t\t\t<div class=\"elementor-widget-wrap elementor-element-populated\">\n\t\t\t\t\t\t<div class=\"elementor-element elementor-element-7802bac elementor-widget elementor-widget-text-editor\" data-id=\"7802bac\" data-element_type=\"widget\" data-widget_type=\"text-editor.default\">\n\t\t\t\t<div class=\"elementor-widget-container\">\n\t\t\t\t\t\t\t<p>In addition to accounting, informing the employee of his or her salary is important so that your business does not falter.<\/p><p>And if the worker gets upset and leaves, the business is crippled. So it's better to give him his due.<\/p><p>Even if you do everything in your power to keep the business running smoothly and keep the staff from mutinying, some of them may quit their jobs, or you may not want them to continue working with you.<\/p><p>Anything can happen.<\/p><p><strong><span style=\"color: #f26a4b;\">And that's what we are here for, for you to tell us when someone starts working with you and when they finish<\/span><\/strong>if they finish at all.<\/p><p>They must be registered with the Social Security. First, because the law says so. And second, because the law also says that if they are not registered, you will be fined.<\/p><p>And nobody wants a fine. Better to invest that money in your own business.<\/p>\t\t\t\t\t\t<\/div>\n\t\t\t\t<\/div>\n\t\t\t\t\t<\/div>\n\t\t<\/div>\n\t\t\t\t\t<\/div>\n\t\t<\/section>\n\t\t\t\t<section class=\"elementor-section elementor-top-section elementor-element elementor-element-e797b57 elementor-section-boxed elementor-section-height-default elementor-section-height-default\" data-id=\"e797b57\" data-element_type=\"section\">\n\t\t\t\t\t\t<div class=\"elementor-container elementor-column-gap-default\">\n\t\t\t\t\t<div class=\"elementor-column elementor-col-100 elementor-top-column elementor-element elementor-element-e884f8d\" data-id=\"e884f8d\" data-element_type=\"column\">\n\t\t\t<div class=\"elementor-widget-wrap elementor-element-populated\">\n\t\t\t\t\t\t<div class=\"elementor-element elementor-element-4d3babb elementor-button-info elementor-align-center elementor-widget elementor-widget-button\" data-id=\"4d3babb\" data-element_type=\"widget\" data-widget_type=\"button.default\">\n\t\t\t\t<div class=\"elementor-widget-container\">\n\t\t\t\t\t<div class=\"elementor-button-wrapper\">\n\t\t\t<a class=\"elementor-button elementor-button-link elementor-size-xl elementor-animation-grow\" href=\"tel:\/\/965830678\">\n\t\t\t\t\t\t<span class=\"elementor-button-content-wrapper\">\n\t\t\t\t\t\t<span class=\"elementor-button-icon elementor-align-icon-right\">\n\t\t\t\t<i aria-hidden=\"true\" class=\"fas fa-phone\"><\/i>\t\t\t<\/span>\n\t\t\t\t\t\t\t\t\t<span class=\"elementor-button-text\">Call us now<\/span>\n\t\t\t\t\t<\/span>\n\t\t\t\t\t<\/a>\n\t\t<\/div>\n\t\t\t\t<\/div>\n\t\t\t\t<\/div>\n\t\t\t\t\t<\/div>\n\t\t<\/div>\n\t\t\t\t\t<\/div>\n\t\t<\/section>\n\t\t\t\t<\/div>","protected":false},"excerpt":{"rendered":"<p>SERVICIOS PARA EMPRESAS \u00bfCu\u00e1nto cuesta montar una empresa en Espa\u00f1a? M\u00e1s de lo que deber\u00eda costar en un pa\u00eds que aspire a prosperar. Pero bueno, con unos pocos ahorros se puede montar una empresa en menos de dos meses, dependiendo de la prisa que se d\u00e9 el notario para firmar la escritura de constituci\u00f3n de [&hellip;]<\/p>","protected":false},"author":1,"featured_media":0,"parent":0,"menu_order":0,"comment_status":"closed","ping_status":"closed","template":"","meta":[],"_links":{"self":[{"href":"https:\/\/gestoriasala.es\/en\/wp-json\/wp\/v2\/pages\/818"}],"collection":[{"href":"https:\/\/gestoriasala.es\/en\/wp-json\/wp\/v2\/pages"}],"about":[{"href":"https:\/\/gestoriasala.es\/en\/wp-json\/wp\/v2\/types\/page"}],"author":[{"embeddable":true,"href":"https:\/\/gestoriasala.es\/en\/wp-json\/wp\/v2\/users\/1"}],"replies":[{"embeddable":true,"href":"https:\/\/gestoriasala.es\/en\/wp-json\/wp\/v2\/comments?post=818"}],"version-history":[{"count":37,"href":"https:\/\/gestoriasala.es\/en\/wp-json\/wp\/v2\/pages\/818\/revisions"}],"predecessor-version":[{"id":1034,"href":"https:\/\/gestoriasala.es\/en\/wp-json\/wp\/v2\/pages\/818\/revisions\/1034"}],"wp:attachment":[{"href":"https:\/\/gestoriasala.es\/en\/wp-json\/wp\/v2\/media?parent=818"}],"curies":[{"name":"wp","href":"https:\/\/api.w.org\/{rel}","templated":true}]}}