{"id":740,"date":"2022-10-30T20:02:23","date_gmt":"2022-10-30T20:02:23","guid":{"rendered":"https:\/\/gestoriasala.es\/?page_id=740"},"modified":"2022-10-31T15:05:04","modified_gmt":"2022-10-31T15:05:04","slug":"superman","status":"publish","type":"page","link":"https:\/\/gestoriasala.es\/en\/superman\/","title":{"rendered":"Superman"},"content":{"rendered":"<div data-elementor-type=\"wp-page\" data-elementor-id=\"740\" class=\"elementor elementor-740\">\n\t\t\t\t\t\t<section class=\"elementor-section elementor-top-section elementor-element elementor-element-98f5cec elementor-section-boxed elementor-section-height-default elementor-section-height-default\" data-id=\"98f5cec\" data-element_type=\"section\">\n\t\t\t\t\t\t<div class=\"elementor-container elementor-column-gap-default\">\n\t\t\t\t\t<div class=\"elementor-column elementor-col-100 elementor-top-column elementor-element elementor-element-1d905a1\" data-id=\"1d905a1\" data-element_type=\"column\">\n\t\t\t<div class=\"elementor-widget-wrap elementor-element-populated\">\n\t\t\t\t\t\t<div class=\"elementor-element elementor-element-f604c54 elementor-widget elementor-widget-heading\" data-id=\"f604c54\" data-element_type=\"widget\" data-widget_type=\"heading.default\">\n\t\t\t\t<div class=\"elementor-widget-container\">\n\t\t\t<style>\/*! elementor - v3.21.0 - 26-05-2024 *\/\n.elementor-heading-title{padding:0;margin:0;line-height:1}.elementor-widget-heading .elementor-heading-title[class*=elementor-size-]>a{color:inherit;font-size:inherit;line-height:inherit}.elementor-widget-heading .elementor-heading-title.elementor-size-small{font-size:15px}.elementor-widget-heading .elementor-heading-title.elementor-size-medium{font-size:19px}.elementor-widget-heading .elementor-heading-title.elementor-size-large{font-size:29px}.elementor-widget-heading .elementor-heading-title.elementor-size-xl{font-size:39px}.elementor-widget-heading .elementor-heading-title.elementor-size-xxl{font-size:59px}<\/style><h1 class=\"elementor-heading-title elementor-size-default\">POR QU\u00c9 NO NECESITAS UNA GESTOR\u00cdA<\/h1>\t\t<\/div>\n\t\t\t\t<\/div>\n\t\t\t\t\t<\/div>\n\t\t<\/div>\n\t\t\t\t\t<\/div>\n\t\t<\/section>\n\t\t\t\t<section class=\"elementor-section elementor-top-section elementor-element elementor-element-cc37df7 elementor-section-boxed elementor-section-height-default elementor-section-height-default\" data-id=\"cc37df7\" data-element_type=\"section\">\n\t\t\t\t\t\t<div class=\"elementor-container elementor-column-gap-default\">\n\t\t\t\t\t<div class=\"elementor-column elementor-col-100 elementor-top-column elementor-element elementor-element-b6a2190\" data-id=\"b6a2190\" data-element_type=\"column\">\n\t\t\t<div class=\"elementor-widget-wrap elementor-element-populated\">\n\t\t\t\t\t\t<div class=\"elementor-element elementor-element-a12b8d5 elementor-widget elementor-widget-text-editor\" data-id=\"a12b8d5\" data-element_type=\"widget\" data-widget_type=\"text-editor.default\">\n\t\t\t\t<div class=\"elementor-widget-container\">\n\t\t\t<style>\/*! elementor - v3.21.0 - 26-05-2024 *\/\n.elementor-widget-text-editor.elementor-drop-cap-view-stacked .elementor-drop-cap{background-color:#69727d;color:#fff}.elementor-widget-text-editor.elementor-drop-cap-view-framed .elementor-drop-cap{color:#69727d;border:3px solid;background-color:transparent}.elementor-widget-text-editor:not(.elementor-drop-cap-view-default) .elementor-drop-cap{margin-top:8px}.elementor-widget-text-editor:not(.elementor-drop-cap-view-default) .elementor-drop-cap-letter{width:1em;height:1em}.elementor-widget-text-editor .elementor-drop-cap{float:left;text-align:center;line-height:1;font-size:50px}.elementor-widget-text-editor .elementor-drop-cap-letter{display:inline-block}<\/style>\t\t\t\t<p><span style=\"font-weight: 400;\">Si manejas todos estos puntos, est\u00e1s de suerte, no necesitas una gestor\u00eda:<\/span><\/p><ul><li><span style=\"font-weight: 400;\">Sabes comunicarte con una Administraci\u00f3n cada vez m\u00e1s despersonalizada con certificados digitales y dem\u00e1s. Llamas por tel\u00e9fono al ayuntamiento y no te contesta una m\u00e1quina o te lo cogen a la primera.<\/span><\/li><\/ul><div>\u00a0<\/div><p>En ese caso, no necesitas una gestor\u00eda.<\/p><ul><li>Llevas la contabilidad de tu negocio, poniendo en cada factura los tipos de IVA aplicables, que son 3.<\/li><\/ul><div>\u00a0<\/div><p>Tampoco necesitas una gestor\u00eda si haces esto.<\/p><ul><li><span style=\"font-weight: 400;\">Sabes, sin ning\u00fan g\u00e9nero de duda, qu\u00e9 tipo de gastos te puedes desgravar para pagar los m\u00ednimos impuestos posibles, porque Hacienda somos (casi) todos.<\/span><\/li><\/ul><div>\u00a0<\/div><p><span style=\"font-weight: 400;\">La gestor\u00eda no te hace falta, as\u00ed que mejor invierte ese dinero en tu negocio.<\/span><\/p><p><span style=\"font-weight: 400;\">\u00a0<\/span><\/p><ul><li><span style=\"font-weight: 400;\">Conoces todos los tramos del IRPF y cu\u00e1ndo es mejor crear una S.L. o mont\u00e1rtelo por tu cuenta siendo aut\u00f3nomo.<\/span><\/li><\/ul><div>\u00a0<\/div><p><span style=\"font-weight: 400;\">No pintamos nada en tu negocio.<\/span><\/p><p><span style=\"font-weight: 400;\">\u00a0<\/span><\/p><ul><li><span style=\"font-weight: 400;\">Te vales por ti mismo para cambiar de nombre tu coche, pagar los impuestos correspondientes y enviar los documentos a la DGT.<\/span><\/li><\/ul><div>\u00a0<\/div><p><span style=\"font-weight: 400;\">Eso casi nadie sabe hacerlo, as\u00ed que eres un privilegiado y puedes prescindir de acudir a una gestor\u00eda.<\/span><\/p><p><span style=\"font-weight: 400;\">\u00a0<\/span><\/p><ul><li><span style=\"font-weight: 400;\">Tienes mucho tiempo libre para, adem\u00e1s de gestionar tu empresa, tratar con tus empleados (si los tienes) y atender a tus clientes, <strong><span style=\"text-decoration: underline;\">dedicarte a la parte jur\u00eddica y t\u00e9cnica de tu negocio como la seguridad social, las altas y bajas de trabajadores, a solicitar subvenciones, a contabilizar facturas, a sacarte tus impuestos y pasarlos por Hacienda para no encontrarte con un recargo o multa por presentarlo fuera de plazo, a pedir licencias al Ayuntamiento y a un largo, largu\u00edsimo etc\u00e9tera<\/span><\/strong>.<\/span><\/li><\/ul><div>\u00a0<\/div><p><span style=\"font-weight: 400;\">Si puedes hacer todo eso, es muy probable que seas una gran empresa y tengas mucho dinero, adem\u00e1s de un departamento espec\u00edfico. Pero si est\u00e1s leyendo esto, lo m\u00e1s seguro es que no lo tengas o est\u00e9s empezando en el mundo de los negocios.<\/span><\/p><p><span style=\"font-weight: 400;\">\u00a0<\/span><\/p><p><span style=\"font-weight: 400;\">Si a\u00fan no tienes un negocio pero pretendes tenerlo, esos 6 puntos son, a grandes rasgos, <strong>todo lo que vas a tener que gestionar si te lo montas por tu cuenta<\/strong>.<\/span><\/p><p><span style=\"font-weight: 400;\">\u00a0<\/span><\/p><p><span style=\"font-weight: 400;\"><span style=\"text-decoration: underline;\">Ser\u00edas Superman si pudieras hacerlo<\/span>, pero, oye, que si lo eres, nos firmas un aut\u00f3grafo, porque puedes prescindir de una gestor\u00eda.<\/span><\/p><p><span style=\"font-weight: 400;\">\u00a0<\/span><\/p><p><span style=\"font-weight: 400;\">Si en lugar de ser un superh\u00e9roe eres m\u00e1s bien una persona normal con un negocio normal que te supone un esfuerzo sobrehumano como para tener que gestionar tambi\u00e9n toda la parte m\u00e1s farragosa, dif\u00edcil y aburrida, que es lo que hacemos, quiz\u00e1 te interese trabajar con nosotros.<\/span><\/p>\t\t\t\t\t\t<\/div>\n\t\t\t\t<\/div>\n\t\t\t\t\t<\/div>\n\t\t<\/div>\n\t\t\t\t\t<\/div>\n\t\t<\/section>\n\t\t\t\t<section class=\"elementor-section elementor-top-section elementor-element elementor-element-aa7f2a4 elementor-section-boxed elementor-section-height-default elementor-section-height-default\" data-id=\"aa7f2a4\" data-element_type=\"section\">\n\t\t\t\t\t\t<div class=\"elementor-container elementor-column-gap-default\">\n\t\t\t\t\t<div class=\"elementor-column elementor-col-100 elementor-top-column elementor-element elementor-element-72d277b\" data-id=\"72d277b\" data-element_type=\"column\">\n\t\t\t<div class=\"elementor-widget-wrap elementor-element-populated\">\n\t\t\t\t\t\t<div class=\"elementor-element elementor-element-79d9119 elementor-button-info elementor-align-center elementor-widget elementor-widget-button\" data-id=\"79d9119\" data-element_type=\"widget\" data-widget_type=\"button.default\">\n\t\t\t\t<div class=\"elementor-widget-container\">\n\t\t\t\t\t<div class=\"elementor-button-wrapper\">\n\t\t\t<a class=\"elementor-button elementor-button-link elementor-size-xl elementor-animation-grow\" href=\"tel:\/\/965830678\">\n\t\t\t\t\t\t<span class=\"elementor-button-content-wrapper\">\n\t\t\t\t\t\t<span class=\"elementor-button-icon elementor-align-icon-right\">\n\t\t\t\t<i aria-hidden=\"true\" class=\"fas fa-phone\"><\/i>\t\t\t<\/span>\n\t\t\t\t\t\t\t\t\t<span class=\"elementor-button-text\">Call us now<\/span>\n\t\t\t\t\t<\/span>\n\t\t\t\t\t<\/a>\n\t\t<\/div>\n\t\t\t\t<\/div>\n\t\t\t\t<\/div>\n\t\t\t\t\t<\/div>\n\t\t<\/div>\n\t\t\t\t\t<\/div>\n\t\t<\/section>\n\t\t\t\t<section class=\"elementor-section elementor-top-section elementor-element elementor-element-7a25615 elementor-section-boxed elementor-section-height-default elementor-section-height-default\" data-id=\"7a25615\" data-element_type=\"section\">\n\t\t\t\t\t\t<div class=\"elementor-container elementor-column-gap-default\">\n\t\t\t\t\t<div class=\"elementor-column elementor-col-100 elementor-top-column elementor-element elementor-element-49ac704\" data-id=\"49ac704\" data-element_type=\"column\">\n\t\t\t<div class=\"elementor-widget-wrap elementor-element-populated\">\n\t\t\t\t\t\t<div class=\"elementor-element elementor-element-acecc3f elementor-widget elementor-widget-text-editor\" data-id=\"acecc3f\" data-element_type=\"widget\" data-widget_type=\"text-editor.default\">\n\t\t\t\t<div class=\"elementor-widget-container\">\n\t\t\t\t\t\t\t<p>If you want to get to know us a little better, you can read about the company <a href=\"https:\/\/gestoriasala.es\/en\/sobre-nosotros\/\"><span style=\"text-decoration: underline;\">here<\/span><\/a>.<\/p>\t\t\t\t\t\t<\/div>\n\t\t\t\t<\/div>\n\t\t\t\t\t<\/div>\n\t\t<\/div>\n\t\t\t\t\t<\/div>\n\t\t<\/section>\n\t\t\t\t<\/div>","protected":false},"excerpt":{"rendered":"<p>POR QU\u00c9 NO NECESITAS UNA GESTOR\u00cdA Si manejas todos estos puntos, est\u00e1s de suerte, no necesitas una gestor\u00eda: Sabes comunicarte con una Administraci\u00f3n cada vez m\u00e1s despersonalizada con certificados digitales y dem\u00e1s. Llamas por tel\u00e9fono al ayuntamiento y no te contesta una m\u00e1quina o te lo cogen a la primera. \u00a0 En ese caso, no [&hellip;]<\/p>","protected":false},"author":1,"featured_media":0,"parent":0,"menu_order":0,"comment_status":"closed","ping_status":"closed","template":"","meta":[],"_links":{"self":[{"href":"https:\/\/gestoriasala.es\/en\/wp-json\/wp\/v2\/pages\/740"}],"collection":[{"href":"https:\/\/gestoriasala.es\/en\/wp-json\/wp\/v2\/pages"}],"about":[{"href":"https:\/\/gestoriasala.es\/en\/wp-json\/wp\/v2\/types\/page"}],"author":[{"embeddable":true,"href":"https:\/\/gestoriasala.es\/en\/wp-json\/wp\/v2\/users\/1"}],"replies":[{"embeddable":true,"href":"https:\/\/gestoriasala.es\/en\/wp-json\/wp\/v2\/comments?post=740"}],"version-history":[{"count":4,"href":"https:\/\/gestoriasala.es\/en\/wp-json\/wp\/v2\/pages\/740\/revisions"}],"predecessor-version":[{"id":744,"href":"https:\/\/gestoriasala.es\/en\/wp-json\/wp\/v2\/pages\/740\/revisions\/744"}],"wp:attachment":[{"href":"https:\/\/gestoriasala.es\/en\/wp-json\/wp\/v2\/media?parent=740"}],"curies":[{"name":"wp","href":"https:\/\/api.w.org\/{rel}","templated":true}]}}