{"id":380,"date":"2022-09-05T17:30:20","date_gmt":"2022-09-05T17:30:20","guid":{"rendered":"https:\/\/gestoriasala.es\/?page_id=380"},"modified":"2022-11-04T21:26:47","modified_gmt":"2022-11-04T21:26:47","slug":"legal","status":"publish","type":"page","link":"https:\/\/gestoriasala.es\/en\/legal\/","title":{"rendered":"Legal"},"content":{"rendered":"<div data-elementor-type=\"wp-page\" data-elementor-id=\"380\" class=\"elementor elementor-380\">\n\t\t\t\t\t\t<section class=\"elementor-section elementor-top-section elementor-element elementor-element-475cd44 elementor-section-boxed elementor-section-height-default elementor-section-height-default\" data-id=\"475cd44\" data-element_type=\"section\">\n\t\t\t\t\t\t<div class=\"elementor-container elementor-column-gap-default\">\n\t\t\t\t\t<div class=\"elementor-column elementor-col-100 elementor-top-column elementor-element elementor-element-77a6883\" data-id=\"77a6883\" data-element_type=\"column\">\n\t\t\t<div class=\"elementor-widget-wrap elementor-element-populated\">\n\t\t\t\t\t\t<div class=\"elementor-element elementor-element-c0438ce elementor-widget elementor-widget-heading\" data-id=\"c0438ce\" data-element_type=\"widget\" data-widget_type=\"heading.default\">\n\t\t\t\t<div class=\"elementor-widget-container\">\n\t\t\t<style>\/*! elementor - v3.21.0 - 26-05-2024 *\/\n.elementor-heading-title{padding:0;margin:0;line-height:1}.elementor-widget-heading .elementor-heading-title[class*=elementor-size-]>a{color:inherit;font-size:inherit;line-height:inherit}.elementor-widget-heading .elementor-heading-title.elementor-size-small{font-size:15px}.elementor-widget-heading .elementor-heading-title.elementor-size-medium{font-size:19px}.elementor-widget-heading .elementor-heading-title.elementor-size-large{font-size:29px}.elementor-widget-heading .elementor-heading-title.elementor-size-xl{font-size:39px}.elementor-widget-heading .elementor-heading-title.elementor-size-xxl{font-size:59px}<\/style><h1 class=\"elementor-heading-title elementor-size-default\">Legal<\/h1>\t\t<\/div>\n\t\t\t\t<\/div>\n\t\t\t\t\t<\/div>\n\t\t<\/div>\n\t\t\t\t\t<\/div>\n\t\t<\/section>\n\t\t\t\t<section class=\"elementor-section elementor-top-section elementor-element elementor-element-425f91f elementor-section-boxed elementor-section-height-default elementor-section-height-default\" data-id=\"425f91f\" data-element_type=\"section\">\n\t\t\t\t\t\t<div class=\"elementor-container elementor-column-gap-default\">\n\t\t\t\t\t<div class=\"elementor-column elementor-col-100 elementor-top-column elementor-element elementor-element-69d825b\" data-id=\"69d825b\" data-element_type=\"column\">\n\t\t\t<div class=\"elementor-widget-wrap elementor-element-populated\">\n\t\t\t\t\t\t<div class=\"elementor-element elementor-element-a931e5d elementor-widget elementor-widget-text-editor\" data-id=\"a931e5d\" data-element_type=\"widget\" data-widget_type=\"text-editor.default\">\n\t\t\t\t<div class=\"elementor-widget-container\">\n\t\t\t<style>\/*! elementor - v3.21.0 - 26-05-2024 *\/\n.elementor-widget-text-editor.elementor-drop-cap-view-stacked .elementor-drop-cap{background-color:#69727d;color:#fff}.elementor-widget-text-editor.elementor-drop-cap-view-framed .elementor-drop-cap{color:#69727d;border:3px solid;background-color:transparent}.elementor-widget-text-editor:not(.elementor-drop-cap-view-default) .elementor-drop-cap{margin-top:8px}.elementor-widget-text-editor:not(.elementor-drop-cap-view-default) .elementor-drop-cap-letter{width:1em;height:1em}.elementor-widget-text-editor .elementor-drop-cap{float:left;text-align:center;line-height:1;font-size:50px}.elementor-widget-text-editor .elementor-drop-cap-letter{display:inline-block}<\/style>\t\t\t\t<h1><span style=\"font-weight: 400;\">Legal notice, privacy policy, cookie information and other weird stuff that nobody cares about.<\/span><\/h1><h2><span style=\"font-weight: 400;\">Owner of the website gestoriasala.es<\/span><\/h2><p><span style=\"font-weight: 400;\">Owner: Gestor\u00eda Sala S.L. (hereinafter referred to as \"Gestor\u00eda Sala\" or the owner)<\/span><\/p><p><span style=\"font-weight: 400;\">CIF: B-53570198<\/span><\/p><p><span style=\"font-weight: 400;\">Domicilio: Avenida de Ifach, n\u00ba 3, Bajo, Calpe (03710)<\/span><\/p><p><span style=\"font-weight: 400;\">Email address: gestoriasala@hotmail.com<\/span><\/p><p><span style=\"font-weight: 400;\">By using this website it is understood that The User (hereinafter, you) has read, understood and accepted in full and without reservation this page and other notices or instructions contained in this website, agreeing to make good use of it in accordance with the law, morality and public order.<\/span><\/p><p><span style=\"font-weight: 400;\">We reserve the right to change the terms of this website and other legal notices at any time, so if you are concerned about this, we recommend that you review this information periodically.<\/span><\/p><p><span style=\"font-weight: 400;\">If you do not agree, you should refrain from using the website.<\/span><\/p><h2><span style=\"font-weight: 400;\">Exemption from liability<\/span><\/h2><p><span style=\"font-weight: 400;\">This website contains links to third-party websites for which we assume no responsibility.<\/span><\/p><h2><span style=\"font-weight: 400;\">Intellectual property (don't do it)<\/span><\/h2><p><span style=\"font-weight: 400;\">Est\u00e1 prohibido cualquier uso del contenido de este sitio web sin la autorizaci\u00f3n escrita de Gestor\u00eda Sala.<\/span><\/p><h2><span style=\"font-weight: 400;\">Commercial communications<\/span><\/h2><p><span style=\"font-weight: 400;\">If you receive advertising messages from Gestoria and you wish to stop receiving them, you must communicate it to gestoriasala[at]hotmail.com.<\/span><\/p><h2><span style=\"font-weight: 400;\">Privacy Policy<\/span><\/h2><p><span style=\"font-weight: 400;\">We comply with Regulation (EU) 2016\/679 of the European Parliament and of the Council on the protection of natural persons. I also comply with other laws, although that does not oblige us to say so.<\/span><\/p><h3><span style=\"font-weight: 400;\">Responsible for the treatment<\/span><\/h3><p><span style=\"font-weight: 400;\">Personal data collected through this website will be incorporated into a file under the responsibility of Gestor\u00eda Sala.<\/span><\/p><h3><span style=\"font-weight: 400;\">Quality principle<\/span><\/h3><p><span style=\"font-weight: 400;\">The User will be responsible for any damage or loss caused to Gestor\u00eda Sala or any third party for filling in the forms on this website with false, inaccurate or third party data.<\/span><\/p><h3><span style=\"font-weight: 400;\">Purpose of treatment<\/span><\/h3><p><span style=\"font-weight: 400;\">Our website obtains personal data through the receipt of forms and via email, for:<\/span><\/p><p><span style=\"font-weight: 400;\">Send commercial communications related to the services of Gestor\u00eda Sala.<\/span><\/p><p><span style=\"font-weight: 400;\">To attend the request for information and provision of the services offered.<\/span><\/p><h3><span style=\"font-weight: 400;\">Information gathering<\/span><\/h3><p><span style=\"font-weight: 400;\">The only information we collect is the information you provide when you fill out a form or send us an e-mail.<\/span><\/p><h3><span style=\"font-weight: 400;\">User rights<\/span><\/h3><p><span style=\"font-weight: 400;\">You can exercise your rights of access, rectification, deletion, opposition, portability and limitation by writing to gestorisala(at)hotmail.com.<\/span><\/p><h3><span style=\"font-weight: 400;\">Conservation period<\/span><\/h3><p><span style=\"font-weight: 400;\">We keep the data for the time strictly necessary for the purposes of the processing for which they have been provided and following as a criterion the principle of data minimization provided in the applicable regulations.<\/span><\/p><p><span style=\"font-weight: 400;\">In case of exercising your right of deletion, your data will be blocked and kept in restricted form at the disposal of the competent authorities for the time and for the legal purposes established in the applicable regulations. Once this period has elapsed, the data will be deleted.<\/span><\/p><h3><span style=\"font-weight: 400;\">Applicable Law and Jurisdiction (if you want us to go to court)<\/span><\/h3><p><span style=\"font-weight: 400;\">The applicable law in case of dispute or conflict of interpretation of the terms that make up these Terms of Use, as well as any matter related to the services of the Portal, shall be Spanish law.<\/span><\/p><p><span style=\"font-weight: 400;\">For the resolution of any dispute that may arise from the use of the Portal and its services, the parties agree to submit to the jurisdiction of the Courts and Tribunals of the city of Benidorm (Spain) and their hierarchical superiors, expressly waiving any other jurisdiction if different from those mentioned above.<\/span><\/p><h1><span style=\"font-weight: 400;\">Cookies Policy<\/span><\/h1><p><span style=\"font-weight: 400;\">In compliance with Article 22 of Law 34\/2002, of July 11, on information society services and electronic commerce (LSSI), in relation to Regulation (EU) 2016\/679 of the European Parliament and of the Council of 27 April 2016, General Data Protection (RGPD) and Organic Law 3\/2018, of December 5, on Data Protection and guarantee of digital rights (LOPDGDD), the Owner makes available to users the Policy on the collection and treatment of cookies on the website.<\/span><\/p><h2><span style=\"font-weight: 400;\">What are Cookies<\/span><\/h2><p><span style=\"font-weight: 400;\">A Cookie is a file that is downloaded to your computer when you enter certain web pages. Cookies allow a website, among other things, to store and retrieve information about your browsing habits and, depending on the information they contain and the way you use your computer, they can be used to identify you.<\/span><\/p><h2><span style=\"font-weight: 400;\">Cookies used on the Web site<\/span><\/h2><p><span style=\"font-weight: 400;\">The cookies used by the https:\/\/www.gestoriasala.es website are classified as follows:<\/span><\/p><p><span style=\"font-weight: 400;\">According to the entity that manages them<\/span><\/p><p><span style=\"font-weight: 400;\">Own Cookies: These are those sent and managed directly by the Owner.<\/span><\/p><p><span style=\"font-weight: 400;\">Third-party Cookies: These are those that are sent to the User from a domain outside the Owner.<\/span><\/p><p><span style=\"font-weight: 400;\">According to purpose<\/span><\/p><p><span style=\"font-weight: 400;\">Technical Cookies: These are those that allow registered users to navigate through the Web site, the restricted area and to use its different functions, such as, for example, the comment system or the search engine.<\/span><\/p><p><span style=\"font-weight: 400;\">Personalization Cookies: These are those that allow users to access the Service with some general characteristics predefined according to a series of criteria established by the User, such as, for example, the language or the type of browser through which he\/she connects to this Web site.<\/span><\/p><p><span style=\"font-weight: 400;\">Analysis or measurement Cookies: These are those that, either treated by the website or by third parties, allow us to quantify the number of users and thus perform the measurement and statistical analysis of the use made by users of the website. To do this, the navigation you do on this website is analyzed in order to improve it.<\/span><\/p><p><span style=\"font-weight: 400;\">Behavioral advertising cookies: These are those that, either treated by the Web site or by third parties, store information on user behavior obtained through the continuous observation of their browsing habits, allowing the development of a specific profile to display advertising based on the same.<\/span><\/p><p><span style=\"font-weight: 400;\">Social Cookies: These are set by social media platforms to allow users to share content with their friends and networks.<\/span><\/p><p><span style=\"font-weight: 400;\">According to duration<\/span><\/p><p><span style=\"font-weight: 400;\">Session Cookies: These are those designed to collect and store data while the User accesses the Web site.<\/span><\/p><p><span style=\"font-weight: 400;\">Persistent Cookies: These are those in which the data remain stored in the User's terminal and can be accessed and processed for a defined period of time by the party responsible for the cookie.<\/span><\/p><h2><span style=\"font-weight: 400;\">List of cookies used<\/span><\/h2><p><span style=\"font-weight: 400;\">This Web site may install the following cookies:<\/span><\/p><p><span style=\"font-weight: 400;\">Technical Cookies<\/span><\/p><p><span style=\"font-weight: 400;\">wp-settings-{user_id}: Technical cookie used to maintain the User's settings on the WordPress desktop (\/wp-admin). It is persistent and has a duration of 1 year.<\/span><\/p><p><span style=\"font-weight: 400;\">hasConsent: Technical cookie that stores the User's consent. It is persistent and has a duration of 1 year.<\/span><\/p><p><span style=\"font-weight: 400;\">Analysis or measurement cookies<\/span><\/p><p><span style=\"font-weight: 400;\">fbp: Cookie that measures the performance of Facebook advertising. It is persistent and has a duration of 1 day.<\/span><\/p><p><span style=\"font-weight: 400;\">fr, sb: Cookies that measure the performance of Facebook advertising. They are persistent cookies.<\/span><\/p><p><span style=\"font-weight: 400;\">Pixel: Cookie that makes it possible to offer website visitors personalized advertising on its platform based on data relating to http headers, the pixel (ID, Facebook cookie), and to record and communicate to Facebook the User's actions on the website.<\/span><\/p><p><span style=\"font-weight: 400;\">_ga: Analytical Cookie that enables the unique visits control function. It is persistent and has a duration of 2 years.<\/span><\/p><p><span style=\"font-weight: 400;\">_gat: Analytical Cookie to limit the number of requests. Its scope is the session and has a duration of 1 minute.<\/span><\/p><p><span style=\"font-weight: 400;\">gid: Analytical Cookie to distinguish users. Its scope is the session and has a duration of 24 hours.<\/span><\/p><p><span style=\"font-weight: 400;\">Additional information:<\/span><\/p><p><span style=\"font-weight: 400;\">Learn more about Facebook's use of cookies on the page\u00a0 <\/span><a href=\"https:\/\/www.facebook.com\/policies\/cookies\/\"><span style=\"font-weight: 400;\">Facebook Cookie Policy<\/span><\/a><\/p><p><span style=\"font-weight: 400;\">Google Analytics may install other cookies according to the document Use of Google Analytics cookies on websites that can be consulted at\u00a0 <\/span><a href=\"https:\/\/developers.google.com\/analytics\/devguides\/collection\/analyticsjs\/cookie-usage?hl=es\"><span style=\"font-weight: 400;\">in this link.<\/span><\/a><span style=\"font-weight: 400;\">.<\/span><\/p><p><span style=\"font-weight: 400;\">To stop receiving personalized advertising from Google, you can opt out of ad personalization by using Google's ad settings, instructions for which can be found at\u00a0 <\/span><a href=\"https:\/\/www.google.es\/settings\/ads\"><span style=\"font-weight: 400;\">in this link.<\/span><\/a><span style=\"font-weight: 400;\">.<\/span><\/p><p><span style=\"font-weight: 400;\">Behavioral advertising cookies<\/span><\/p><p><span style=\"font-weight: 400;\">_gads and _gac. DoubleClick cookies to measure interactions with ads and avoid showing you the same ad too many times. It is persistent and lasts for 1 year.<\/span><\/p><p><span style=\"font-weight: 400;\">IDE. Cookie to record and notify DoubleClick the actions of the User of the website when he\/she has seen or clicked on one of the advertiser's ads, in order to measure the effectiveness and display ads that match his\/her interests. It is persistent and lasts for 1 year.<\/span><\/p><p><span style=\"font-weight: 400;\">Additional information:<\/span><\/p><p><span style=\"font-weight: 400;\">This Web site uses DoubleClick services; which may install cookies to show you content-related advertising that is relevant to you based on a profile developed from your browsing habits, thus improving your perception of the quality of the Web site.<\/span><\/p><p><span style=\"font-weight: 400;\">This website uses Google Adsense services that may install cookies to collect information for statistical purposes and website usage. The cookies installed make it possible to improve the advertising you find on the website by showing you advertising based on the content that is relevant to you, thus improving your perception of the quality of the website.<\/span><\/p><p><span style=\"font-weight: 400;\">Social Cookies<\/span><\/p><p><span style=\"font-weight: 400;\">The website includes other functionalities provided by third party services and social networks to enhance the visitor experience. You can share content on your social networks such as Facebook, Twitter, Instagram, Vimeo or YouTube with the buttons included for this purpose or with the social networks' own sharing tools. As a result, these services may set cookies and use them to track your online activity. The Owner has no direct control over the information collected by these cookies.<\/span><\/p><h2><span style=\"font-weight: 400;\">Cookie deletion<\/span><\/h2><p><span style=\"font-weight: 400;\">You can accept, block or delete cookies installed on your computer by configuring your browser options, but please note that part of the site will not work properly or that some of its functionalities will be unavailable or have errors.<\/span><\/p><p><span style=\"font-weight: 400;\">In the following links you will find instructions on how to enable or disable cookies in the most common browsers.<\/span><\/p><p><a href=\"http:\/\/support.mozilla.org\/es\/kb\/habilitar-y-deshabilitar-cookies-que-los-sitios-we\"><span style=\"font-weight: 400;\">Firefox<\/span><\/a><\/p><p><a href=\"https:\/\/support.google.com\/chrome\/answer\/95647?hl=es\"><span style=\"font-weight: 400;\">Google Chrome<\/span><\/a><\/p><p><a href=\"https:\/\/support.microsoft.com\/es-es\/help\/17442\/windows-internet-explorer-delete-manage-cookies#ie=%22ie-10\"><span style=\"font-weight: 400;\">Internet Explorer<\/span><\/a><\/p><p><a href=\"https:\/\/support.microsoft.com\/es-es\/help\/4468242\/microsoft-edge-browsing-data-and-privacy\"><span style=\"font-weight: 400;\">Microsoft Edge<\/span><\/a><\/p><p><a href=\"http:\/\/support.apple.com\/kb\/HT1677?viewlocale=es_ES\"><span style=\"font-weight: 400;\">Safari<\/span><\/a><\/p><h2><span style=\"font-weight: 400;\">Processing of Personal Data<\/span><\/h2><p><span style=\"font-weight: 400;\">The Data Controller is responsible for the processing of the user's personal data.<\/span><\/p><h2><span style=\"font-weight: 400;\">Contact<\/span><\/h2><p><span style=\"font-weight: 400;\">If you have any questions about this Cookie Policy or would like to make any comments about this website, please send an e-mail to: gestoriasala@hotmail.com.<\/span><\/p>\t\t\t\t\t\t<\/div>\n\t\t\t\t<\/div>\n\t\t\t\t\t<\/div>\n\t\t<\/div>\n\t\t\t\t\t<\/div>\n\t\t<\/section>\n\t\t\t\t<\/div>","protected":false},"excerpt":{"rendered":"<p>Legal Aviso legal, pol\u00edtica de privacidad, informaci\u00f3n de cookies y otras cosas raras que no le interesan a nadie. Titular del sitio web gestoriasala.es Titular: Gestor\u00eda Sala S.L. (en adelante, \u00abGestor\u00eda Sala\u00bb o el propietario) CIF: B-53570198 Domicilio: Avenida de Ifach, n\u00ba 3, Bajo, Calpe (03710) Correo electr\u00f3nico: gestoriasala@hotmail.com Al usar este sitio web se [&hellip;]<\/p>","protected":false},"author":1,"featured_media":0,"parent":0,"menu_order":0,"comment_status":"closed","ping_status":"closed","template":"elementor_theme","meta":[],"_links":{"self":[{"href":"https:\/\/gestoriasala.es\/en\/wp-json\/wp\/v2\/pages\/380"}],"collection":[{"href":"https:\/\/gestoriasala.es\/en\/wp-json\/wp\/v2\/pages"}],"about":[{"href":"https:\/\/gestoriasala.es\/en\/wp-json\/wp\/v2\/types\/page"}],"author":[{"embeddable":true,"href":"https:\/\/gestoriasala.es\/en\/wp-json\/wp\/v2\/users\/1"}],"replies":[{"embeddable":true,"href":"https:\/\/gestoriasala.es\/en\/wp-json\/wp\/v2\/comments?post=380"}],"version-history":[{"count":32,"href":"https:\/\/gestoriasala.es\/en\/wp-json\/wp\/v2\/pages\/380\/revisions"}],"predecessor-version":[{"id":1051,"href":"https:\/\/gestoriasala.es\/en\/wp-json\/wp\/v2\/pages\/380\/revisions\/1051"}],"wp:attachment":[{"href":"https:\/\/gestoriasala.es\/en\/wp-json\/wp\/v2\/media?parent=380"}],"curies":[{"name":"wp","href":"https:\/\/api.w.org\/{rel}","templated":true}]}}